{"id":2354,"date":"2021-04-20T14:50:25","date_gmt":"2021-04-20T12:50:25","guid":{"rendered":"https:\/\/kaelinhaus.ch\/company\/vision-mission\/"},"modified":"2022-10-26T10:38:53","modified_gmt":"2022-10-26T08:38:53","slug":"vision-mission","status":"publish","type":"page","link":"https:\/\/kaelinhaus.ch\/en\/company\/vision-mission\/","title":{"rendered":"Vision &#038; Mission"},"content":{"rendered":"\n<div class=\"wp-block-cover alignfull is-light has-parallax\" style=\"background-image:url(https:\/\/kaelinhaus.ch\/wp-content\/uploads\/2021\/01\/DSC_8940_KHT_reichenburg_web.jpg)\"><span aria-hidden=\"true\" class=\"wp-block-cover__background has-background-dim-0 has-background-dim\"><\/span><div class=\"wp-block-cover__inner-container is-layout-flow wp-block-cover-is-layout-flow\">\n<p class=\"has-text-align-center has-white-color has-text-color has-large-font-size\">Ecological building and living with Swiss raw material and being accompanied personally and professionally.<\/p>\n<\/div><\/div>\n\n\n\n<hr class=\"wp-block-separator has-css-opacity\"\/>\n\n\n\n<p>Ecological building and living with Swiss raw material and being accompanied personally and professionally.<\/p>\n\n\n\n<p><\/p>\n\n\n\n<p><strong>You &#8211; our customer &#8211; are our focus<\/strong><\/p>\n\n\n\n<p>Together with you, we want to realize your wishes and dreams when building your own home or office. In addition to the raw material wood, you &#8211; our customer &#8211; are our focus.<\/p>\n\n\n\n<p>Personal &#8211; total offer from a single source<\/p>\n\n\n\n<p>We look after you from the start of the project to the handover of the keys and beyond. We are at your side with advice and support. Your customer needs are always at the center of our attention. Especially at the beginning of a project we take a lot of time for you. So that we understand you and your ideas, can implement the project in your sense and you are supported in the best possible way.<\/p>\n\n\n\n<p>We offer everything from a single source. We offer many services ourselves. Where we call in external experts, we rely on proven, long-standing and regional partners. Or we work together with a partner of your choice.<br><br><\/p>\n\n\n\n<p><strong>Wood element construction &#8211; the Swiss raw material<\/strong><\/p>\n\n\n\n<p>Our prefabricated houses are based on the system element dry construction method. The well thought-out, fast and cost-effective construction method brings many advantages. Dry construction significantly shortens the construction time, since no unnecessary moisture is trapped in the house and, accordingly, it does not have to be brought out of the house again.<\/p>\n\n\n\n<p>Whether modern or classic &#8211; in terms of architecture and design, there are hardly any restrictions when it comes to<a href=\"https:\/\/kaelinhaus.ch\/en\/company\/vision-mission\/raw-material-wood\/\"> &#8220;wood&#8221; as a building material<\/a>. There are almost no limits to shapes and colors. Even the interior design is basically no different from a brick-built house. The breathable and highly insulating building envelope is particularly suitable for <a href=\"https:\/\/kaelinhaus.ch\/en\/company\/vision-mission\/minergie\/\">low-energy and passive houses (Minergie\u00ae)<\/a>. We work with engineers and specialists who have studied this material for years. Last but not least, the <a href=\"https:\/\/kaelinhaus.ch\/en\/company\/vision-mission\/raw-material-wood\/\">renewable raw material &#8220;wood&#8221;<\/a> also scores in terms of ecology and creates an exceptionally pleasant living climate.<\/p>\n\n\n\n<p><strong>Build ecologically<\/strong><\/p>\n\n\n\n<p>Our environment and related ecological building and living is close to our heart. We have committed ourselves that <a href=\"https:\/\/kaelinhaus.ch\/en\/company\/vision-mission\/oecology\/\">80% of the wood we process comes from Switzerland<\/a>. We have always achieved this goal over the past years.<\/p>\n\n\n\n<p>We also use ecological and regional materials wherever possible and preferred for the remaining building materials. Ultimately, however, you as the customer decide which materials you prefer.<\/p>\n\n\n\n<p><strong>On the way to the Zero-energy house<\/strong><\/p>\n\n\n\n<p>Together with proven and innovative partners, we have developed, among other things, an innovative and environmentally friendly heating system. With it you save energy and money. The heating system is based on the use of renewable energy; it uses the energy of wood, the sun and the storage power of water.<\/p>\n\n\n\n<p>With a cozy tiled stove in the living room (or even hidden in the basement) and hot water solar panels on the roof, we have managed to heat a 150m2 house with about 2 cubic meters of wood (i.e. about CHF 200.- cost per year for firewood) during one year. We will be happy to advise you on this topic.<\/p>\n","protected":false},"excerpt":{"rendered":"<p>Ecological building and living with Swiss raw material and being accompanied personally and professionally. You &#8211; our customer &#8211; are our focus Together with you, we want to realize your wishes and dreams when building your own home or office. In addition to the raw material wood, you &#8211; our customer &#8211; are our focus. [&hellip;]<\/p>\n","protected":false},"author":6,"featured_media":0,"parent":2352,"menu_order":29,"comment_status":"closed","ping_status":"closed","template":"","meta":{"_genesis_hide_title":false,"_genesis_hide_breadcrumbs":false,"_genesis_hide_singular_image":false,"_genesis_custom_body_class":"","_genesis_custom_post_class":"","_genesis_layout":"","footnotes":""},"class_list":{"0":"post-2354","1":"page","2":"type-page","3":"status-publish","5":"entry"},"yoast_head":"<!-- This site is optimized with the Yoast SEO plugin v21.1 - https:\/\/yoast.com\/wordpress\/plugins\/seo\/ -->\n<title>K\u00c4LIN HAUS \u2714\ufe0f Vision &amp; Mission \u2714\ufe0fHolzhaus \u2714\ufe0fnachhaltig &amp; \u00f6kologisch<\/title>\n<meta name=\"description\" content=\"\u00d6kologisch und nachhaltig bauen, am liebsten autark wohnen? Erfahren Sie hier \u00fcber die Vision &amp; Mission von K\u00c4LIN HAUS im Holzbau.\" \/>\n<meta name=\"robots\" content=\"index, follow, max-snippet:-1, max-image-preview:large, max-video-preview:-1\" \/>\n<link rel=\"canonical\" href=\"https:\/\/kaelinhaus.ch\/en\/company\/vision-mission\/\" \/>\n<meta property=\"og:locale\" content=\"en_US\" \/>\n<meta property=\"og:type\" content=\"article\" \/>\n<meta property=\"og:title\" content=\"K\u00c4LIN HAUS \u2714\ufe0f Vision &amp; Mission \u2714\ufe0fHolzhaus \u2714\ufe0fnachhaltig &amp; \u00f6kologisch\" \/>\n<meta property=\"og:description\" content=\"\u00d6kologisch und nachhaltig bauen, am liebsten autark wohnen? Erfahren Sie hier \u00fcber die Vision &amp; Mission von K\u00c4LIN HAUS im Holzbau.\" \/>\n<meta property=\"og:url\" content=\"https:\/\/kaelinhaus.ch\/en\/company\/vision-mission\/\" \/>\n<meta property=\"og:site_name\" content=\"K\u00e4lin Haus\" \/>\n<meta property=\"article:modified_time\" content=\"2022-10-26T08:38:53+00:00\" \/>\n<meta name=\"twitter:card\" content=\"summary_large_image\" \/>\n<meta name=\"twitter:label1\" content=\"Est. reading time\" \/>\n\t<meta name=\"twitter:data1\" content=\"3 minutes\" \/>\n<script type=\"application\/ld+json\" class=\"yoast-schema-graph\">{\"@context\":\"https:\/\/schema.org\",\"@graph\":[{\"@type\":\"WebPage\",\"@id\":\"https:\/\/kaelinhaus.ch\/en\/company\/vision-mission\/\",\"url\":\"https:\/\/kaelinhaus.ch\/en\/company\/vision-mission\/\",\"name\":\"K\u00c4LIN HAUS \u2714\ufe0f Vision & Mission \u2714\ufe0fHolzhaus \u2714\ufe0fnachhaltig & \u00f6kologisch\",\"isPartOf\":{\"@id\":\"https:\/\/kaelinhaus.ch\/#website\"},\"datePublished\":\"2021-04-20T12:50:25+00:00\",\"dateModified\":\"2022-10-26T08:38:53+00:00\",\"description\":\"\u00d6kologisch und nachhaltig bauen, am liebsten autark wohnen? Erfahren Sie hier \u00fcber die Vision & Mission von K\u00c4LIN HAUS im Holzbau.\",\"breadcrumb\":{\"@id\":\"https:\/\/kaelinhaus.ch\/en\/company\/vision-mission\/#breadcrumb\"},\"inLanguage\":\"en-US\",\"potentialAction\":[{\"@type\":\"ReadAction\",\"target\":[\"https:\/\/kaelinhaus.ch\/en\/company\/vision-mission\/\"]}]},{\"@type\":\"BreadcrumbList\",\"@id\":\"https:\/\/kaelinhaus.ch\/en\/company\/vision-mission\/#breadcrumb\",\"itemListElement\":[{\"@type\":\"ListItem\",\"position\":1,\"name\":\"Home\",\"item\":\"https:\/\/kaelinhaus.ch\/en\/\"},{\"@type\":\"ListItem\",\"position\":2,\"name\":\"Company\",\"item\":\"https:\/\/kaelinhaus.ch\/en\/company\/\"},{\"@type\":\"ListItem\",\"position\":3,\"name\":\"Vision &#038; Mission\"}]},{\"@type\":\"WebSite\",\"@id\":\"https:\/\/kaelinhaus.ch\/#website\",\"url\":\"https:\/\/kaelinhaus.ch\/\",\"name\":\"K\u00e4lin Haus\",\"description\":\"Wir haben den Schl\u00fcssel zu Ihrem Traumhaus\",\"potentialAction\":[{\"@type\":\"SearchAction\",\"target\":{\"@type\":\"EntryPoint\",\"urlTemplate\":\"https:\/\/kaelinhaus.ch\/?s={search_term_string}\"},\"query-input\":\"required name=search_term_string\"}],\"inLanguage\":\"en-US\"}]}<\/script>\n<!-- \/ Yoast SEO plugin. -->","yoast_head_json":{"title":"K\u00c4LIN HAUS \u2714\ufe0f Vision & Mission \u2714\ufe0fHolzhaus \u2714\ufe0fnachhaltig & \u00f6kologisch","description":"\u00d6kologisch und nachhaltig bauen, am liebsten autark wohnen? Erfahren Sie hier \u00fcber die Vision & Mission von K\u00c4LIN HAUS im Holzbau.","robots":{"index":"index","follow":"follow","max-snippet":"max-snippet:-1","max-image-preview":"max-image-preview:large","max-video-preview":"max-video-preview:-1"},"canonical":"https:\/\/kaelinhaus.ch\/en\/company\/vision-mission\/","og_locale":"en_US","og_type":"article","og_title":"K\u00c4LIN HAUS \u2714\ufe0f Vision & Mission \u2714\ufe0fHolzhaus \u2714\ufe0fnachhaltig & \u00f6kologisch","og_description":"\u00d6kologisch und nachhaltig bauen, am liebsten autark wohnen? Erfahren Sie hier \u00fcber die Vision & Mission von K\u00c4LIN HAUS im Holzbau.","og_url":"https:\/\/kaelinhaus.ch\/en\/company\/vision-mission\/","og_site_name":"K\u00e4lin Haus","article_modified_time":"2022-10-26T08:38:53+00:00","twitter_card":"summary_large_image","twitter_misc":{"Est. reading time":"3 minutes"},"schema":{"@context":"https:\/\/schema.org","@graph":[{"@type":"WebPage","@id":"https:\/\/kaelinhaus.ch\/en\/company\/vision-mission\/","url":"https:\/\/kaelinhaus.ch\/en\/company\/vision-mission\/","name":"K\u00c4LIN HAUS \u2714\ufe0f Vision & Mission \u2714\ufe0fHolzhaus \u2714\ufe0fnachhaltig & \u00f6kologisch","isPartOf":{"@id":"https:\/\/kaelinhaus.ch\/#website"},"datePublished":"2021-04-20T12:50:25+00:00","dateModified":"2022-10-26T08:38:53+00:00","description":"\u00d6kologisch und nachhaltig bauen, am liebsten autark wohnen? Erfahren Sie hier \u00fcber die Vision & Mission von K\u00c4LIN HAUS im Holzbau.","breadcrumb":{"@id":"https:\/\/kaelinhaus.ch\/en\/company\/vision-mission\/#breadcrumb"},"inLanguage":"en-US","potentialAction":[{"@type":"ReadAction","target":["https:\/\/kaelinhaus.ch\/en\/company\/vision-mission\/"]}]},{"@type":"BreadcrumbList","@id":"https:\/\/kaelinhaus.ch\/en\/company\/vision-mission\/#breadcrumb","itemListElement":[{"@type":"ListItem","position":1,"name":"Home","item":"https:\/\/kaelinhaus.ch\/en\/"},{"@type":"ListItem","position":2,"name":"Company","item":"https:\/\/kaelinhaus.ch\/en\/company\/"},{"@type":"ListItem","position":3,"name":"Vision &#038; Mission"}]},{"@type":"WebSite","@id":"https:\/\/kaelinhaus.ch\/#website","url":"https:\/\/kaelinhaus.ch\/","name":"K\u00e4lin Haus","description":"Wir haben den Schl\u00fcssel zu Ihrem Traumhaus","potentialAction":[{"@type":"SearchAction","target":{"@type":"EntryPoint","urlTemplate":"https:\/\/kaelinhaus.ch\/?s={search_term_string}"},"query-input":"required name=search_term_string"}],"inLanguage":"en-US"}]}},"_links":{"self":[{"href":"https:\/\/kaelinhaus.ch\/en\/wp-json\/wp\/v2\/pages\/2354","targetHints":{"allow":["GET"]}}],"collection":[{"href":"https:\/\/kaelinhaus.ch\/en\/wp-json\/wp\/v2\/pages"}],"about":[{"href":"https:\/\/kaelinhaus.ch\/en\/wp-json\/wp\/v2\/types\/page"}],"author":[{"embeddable":true,"href":"https:\/\/kaelinhaus.ch\/en\/wp-json\/wp\/v2\/users\/6"}],"replies":[{"embeddable":true,"href":"https:\/\/kaelinhaus.ch\/en\/wp-json\/wp\/v2\/comments?post=2354"}],"version-history":[{"count":0,"href":"https:\/\/kaelinhaus.ch\/en\/wp-json\/wp\/v2\/pages\/2354\/revisions"}],"up":[{"embeddable":true,"href":"https:\/\/kaelinhaus.ch\/en\/wp-json\/wp\/v2\/pages\/2352"}],"wp:attachment":[{"href":"https:\/\/kaelinhaus.ch\/en\/wp-json\/wp\/v2\/media?parent=2354"}],"curies":[{"name":"wp","href":"https:\/\/api.w.org\/{rel}","templated":true}]}}